{"id":1260,"date":"2022-12-23T19:27:24","date_gmt":"2022-12-23T18:27:24","guid":{"rendered":"https:\/\/viataglio12.it\/?page_id=1260"},"modified":"2022-12-23T19:27:25","modified_gmt":"2022-12-23T18:27:25","slug":"termini-di-servizio","status":"publish","type":"page","link":"https:\/\/viataglio12.it\/index.php\/termini-di-servizio\/","title":{"rendered":"Termini di servizio"},"content":{"rendered":"\n<h3 class=\"wp-block-heading\">Titolare del Sito Internet;<\/h3>\n\n\n\n<p>SALA IRENE &amp; C. SNC<br>Via del Taglio 12\/b \u2013 41121 Modena<br>P.IVA <strong>IT03833660362<\/strong><br>T: :\u00a0+390598302685<br>E: info@viataglio12.it<\/p>\n\n\n\n<p>I presenti termini di utilizzo hanno lo scopo di garantire il miglior uso del sito, nel rispetto dei diritti di tutti, anche nel rispetto della privacy e della propriet\u00e0 intellettuale.<\/p>\n\n\n\n<h4 class=\"wp-block-heading\">1. Condizioni d\u2019uso del Sito<\/h4>\n\n\n\n<p><br>Il Sito potr\u00e0 essere oggetto di modifiche e aggiornamenti.<br>L\u2019utilizzo del Sito implica l\u2019accettazione da parte dell\u2019utente delle presenti condizioni d\u2019uso e il loro impegno a rispettarle.<br>Si informano gli utenti che tali condizioni possono essere modificate in qualsiasi momento.<\/p>\n\n\n\n<h4 class=\"wp-block-heading\">2. Propriet\u00e0 Intellettuale<\/h4>\n\n\n\n<p>Il contenuto del Sito, compresi, senza limitazione, qualsiasi logo, marchio o foto sul Sito sono protetti in base ai diritti di propriet\u00e0 intellettuale, o di qualsiasi altra disposizione legale applicabile. Sono rispettati i diritti di propriet\u00e0 intellettuale di terze parti, e tutte le disposizioni di legge per tutelare gli interessi di terzi. Tuttavia, se si pensa che il Sito possa violare qualsivoglia proprio diritto, Vi invitiamo a scriverci direttamente presso i contatti summenzionati per procedere alla rimozione del contenuto in questione dopo aver ricevuto notifica scritta del titolare del diritto d\u2019autore debitamente verificato.<\/p>\n\n\n\n<h4 class=\"wp-block-heading\">3. Link a altri siti<\/h4>\n\n\n\n<p>Il Sito contiene collegamenti ad altri siti web. Il Titolare del Sito Internet non ha alcun controllo sugli stessi, n\u00e9 pu\u00f2 controllarne o verificarne il contenuto. Spetta quindi all\u2019utente prendere conoscenza degli impegni di ciascun blog \/ social network \/ sito web che visita. In particolare, non abbiamo controllo sulle pratiche dei siti di terze parti per la raccolta, il trattamento dei dati personali e della privacy. Spetta quindi all\u2019utente prendere conoscenza degli impegni del Titolare del Sito Internet sulla privacy, ma anche degli impegni di qualsivoglia blog o social network o sito associato con il sito che contiene tale link, e utilizzare solo i siti di cui si accettano il contenuto e le regole d\u2019utilizzo.<br>Il Titolare del Sito Internet declina ogni responsabilit\u00e0 per qualsiasi collegamento ad un altro sito web e che fa riferimento al Sito. Il Sito pu\u00f2 essere associato a tale link e il suo contenuto non specificatamente autorizzato dal Titolare del Sito Internet.<\/p>\n\n\n\n<h4 class=\"wp-block-heading\">4. Responsabilit\u00e0<\/h4>\n\n\n\n<p>Il Titolare del Sito Internet svolge un regolare aggiornamento dei suoi contenuti e dei dispositivi in atto sul sito per consentire l\u2019accesso e l\u2019uso del Sito nelle migliori condizioni per l\u2019utente. Tuttavia, il Titolare del Sito Internet non pu\u00f2 garantire la tempestivit\u00e0, accuratezza e completezza dei contenuti sul Web.<br>L\u2019utente in questo contesto, \u00e8 pienamente consapevole del fatto che i contenuti presenti nel Sito sono a titolo indicativo.<br>Inoltre, Il Titolare del Sito Internet si riserva il diritto di apportare modifiche al sito in qualsiasi momento lo ritenga opportuno, e non pu\u00f2 dunque garantire all\u2019utente l\u2019accesso a tutto il Sito in qualsiasi momento, senza interruzione in tempo utile, in sicurezza e senza errori.<br>Si precisa che i cambiamenti possono essere effettuati sulla natura o portata dei servizi disponibili.<br>Si precisa che Il Titolare del Sito Internet non potr\u00e0 essere ritenuto responsabile per danni ad un utente causati da azioni di terzi che per mezzo di tecniche sleali abbiano utilizzato le informazioni pubblicate sul sito.<br>Il Titolare del Sito Internet non pu\u00f2 essere ritenuto responsabile per eventuali danni subiti dall\u2019utente date le caratteristiche della rete e \/ o le configurazioni tecniche.<br>Fatte salve le disposizioni di legge, le presenti condizioni sono soggette al diritto italiano e tutte le controversie concernenti la loro applicazione e interpretazione saranno sottoposte alla cognizione esclusiva del Tribunale di Modena.<\/p>\n\n\n\n<h4 class=\"wp-block-heading\">5. Limitazione di responsabilit\u00e0<\/h4>\n\n\n\n<p>Fatte salve le disposizioni inderogabili di legge, Il Titolare del Sito Internet non sar\u00e0 responsabile per qualsiasi danno o lesione conseguenti all\u2019uso del materiale di cui all\u2019articolo 1 nonch\u00e9 derivanti da qualsiasi interruzione nella esecuzione del programma, errore, omissione, interruzione, difetto, ritardo nell\u2019operazione di trasmissione, virus o caduta di linea.<br>Il Titolare del Sito Internet non sar\u00e0 responsabile inoltre per qualsiasi danno o lesione che risultino dall\u2019utilizzo o dalla incapacit\u00e0 di utilizzo del materiale incluso nel Sito o che derivino dalla condotta di altri utenti che violino le presenti condizioni.<br>L\u2019utente che intenda esercitare un diritto, una rivendicazione o un\u2019azione contro un qualsiasi altro utente in merito all\u2019utilizzo dei servizi offerti dal Sito si impegna a evitare qualsivoglia coinvolgimento del Titolare del Sito Internet e dei soggetti dal medesimo incaricati per la gestione del Sito.<br>Il materiale in questo Sito potrebbe includere imprecisioni tecniche o errori tipografici.<br>Il Titolare del Sito Internet pu\u00f2 effettuare cambiamenti e miglioramenti in qualsiasi momento.<br>Il materiale in questo sito \u00e8 messo a disposizione \u201ccos\u00ec com\u2019\u00e8\u201d e senza garanzia alcuna, espressa o implicita, in conformit\u00e0 alla legge applicabile e nei limiti da questa consentiti, il Titolare del Sito Internet non presta alcuna garanzia, incluse quelle di commerciabilit\u00e0 e idoneit\u00e0 a qualsivoglia utilizzo.<br>Il Titolare del Sito Internet non garantisce che le funzioni contenute nel materiale saranno prive di interruzioni od esenti da errore, o che tali vizi saranno corretti, o che questo sito o il server che lo rende disponibile non siano esenti da virus o da componenti nocivi. Il Titolare del Sito Internet non fornisce dichiarazioni o garanzie in merito all\u2019utilizzo o ai risultati dell\u2019utilizzo del materiale in questo sito, per quanto riguarda la loro correttezza, accuratezza o affidabilit\u00e0. le spese di riparazione, revisione o correzione saranno interamente a carico dell\u2019utente e non del Titolare del Sito Internet. Ove le legislazioni nazionali applicabili al presente accordo, diverse dalla legge applicabile di seguito indicata, vietino l\u2019esclusione di garanzia, l\u2019esclusione suddetta non sar\u00e0 applicabile.<\/p>\n\n\n\n<h4 class=\"wp-block-heading\">6. Limitazioni all\u2019uso del materiale<\/h4>\n\n\n\n<p>Il materiale proveniente dal presente Sito e da qualsiasi altro sito del World Wide Web posseduto, operato, in licenza o controllato dal Titolare del Sito Internet non pu\u00f2 essere copiato, distribuito, modificato, ripubblicato, riprodotto, scaricato o trasmesso con qualsiasi mezzo, senza il precedente consenso scritto.<\/p>\n\n\n\n<h4 class=\"wp-block-heading\">7. Proposte<\/h4>\n\n\n\n<p>Tutte le osservazioni, suggerimenti, idee, materiali grafici o altra informazione comunicata al Titolare del Sito Internet (di seguito denominati collettivamente \u201cInformazione\u201d) diverr\u00e0 propriet\u00e0 della medesima. L\u2019utente rinuncia fin d\u2019ora ad ogni compenso e\/o remunerazione non solo economica ma a qualsivoglia titolo. L\u2019Informazione non sar\u00e0 soggetta ad alcun obbligo di riservatezza. Il Titolare titolare della pagina web sar\u00e0 libero di utilizzare l\u2019Informazione come meglio ritiene senza che per questo derivi al titolare della pagina web medesima alcun obbligo n\u00e9 alcuna responsabilit\u00e0.<br>Il mittente prende atto di essere responsabile di qualsiasi materiale inviato; il mittente, e non Il Titolare del Sito Internet, ha la totale responsabilit\u00e0 del messaggio, inclusa la sua legalit\u00e0, attendibilit\u00e0, appropriatezza, originalit\u00e0 e conformit\u00e0 ai diritti di propriet\u00e0.<br>Ai sensi e per gli effetti degli articoli 1341 e 1342 del Codice Civile l\u2019utente dichiara espressamente di accettare le pattuizioni di cui agli articoli 4. \u201cResponsabilit\u00e0 (foro competente)\u201d; 5. \u201cLimitazioni di responsabilit\u00e0\u201d .<\/p>\n","protected":false},"excerpt":{"rendered":"<p>Titolare del Sito Internet; SALA IRENE &amp; C. SNCVia del Taglio 12\/b \u2013 41121 ModenaP.IVA IT03833660362T: :\u00a0+390598302685E: info@viataglio12.it I presenti termini di utilizzo hanno lo scopo di garantire il miglior uso del sito, nel rispetto dei diritti di tutti, anche nel rispetto della privacy e della propriet\u00e0 intellettuale. 1. Condizioni d\u2019uso del Sito Il Sito [&hellip;]<\/p>\n","protected":false},"author":1,"featured_media":0,"parent":0,"menu_order":0,"comment_status":"closed","ping_status":"closed","template":"","meta":{"_monsterinsights_skip_tracking":false,"_monsterinsights_sitenote_active":false,"_monsterinsights_sitenote_note":"","_monsterinsights_sitenote_category":0,"footnotes":""},"class_list":["post-1260","page","type-page","status-publish","hentry"],"aioseo_notices":[],"jetpack_sharing_enabled":true,"amp_enabled":true,"_links":{"self":[{"href":"https:\/\/viataglio12.it\/index.php\/wp-json\/wp\/v2\/pages\/1260","targetHints":{"allow":["GET"]}}],"collection":[{"href":"https:\/\/viataglio12.it\/index.php\/wp-json\/wp\/v2\/pages"}],"about":[{"href":"https:\/\/viataglio12.it\/index.php\/wp-json\/wp\/v2\/types\/page"}],"author":[{"embeddable":true,"href":"https:\/\/viataglio12.it\/index.php\/wp-json\/wp\/v2\/users\/1"}],"replies":[{"embeddable":true,"href":"https:\/\/viataglio12.it\/index.php\/wp-json\/wp\/v2\/comments?post=1260"}],"version-history":[{"count":0,"href":"https:\/\/viataglio12.it\/index.php\/wp-json\/wp\/v2\/pages\/1260\/revisions"}],"wp:attachment":[{"href":"https:\/\/viataglio12.it\/index.php\/wp-json\/wp\/v2\/media?parent=1260"}],"curies":[{"name":"wp","href":"https:\/\/api.w.org\/{rel}","templated":true}]}}